{"id":1762,"date":"2024-03-09T16:01:01","date_gmt":"2024-03-09T15:01:01","guid":{"rendered":"https:\/\/parafiaswjozefawmuszynie.pl\/?page_id=1762"},"modified":"2024-03-09T16:08:32","modified_gmt":"2024-03-09T15:08:32","slug":"wielka-nowenna-za-ojczyzne","status":"publish","type":"page","link":"https:\/\/parafiaswjozefawmuszynie.pl\/?page_id=1762","title":{"rendered":"Wielka Nowenna za Ojczyzn\u0119"},"content":{"rendered":"<p><a href=\"https:\/\/parafiaswjozefawmuszynie.pl\/wp-content\/uploads\/2024\/03\/Nowenna-2024.jpg\"><img loading=\"lazy\" decoding=\"async\" class=\"alignnone size-full wp-image-1764\" src=\"https:\/\/parafiaswjozefawmuszynie.pl\/wp-content\/uploads\/2024\/03\/Nowenna-2024.jpg\" alt=\"\" width=\"471\" height=\"637\" srcset=\"https:\/\/parafiaswjozefawmuszynie.pl\/wp-content\/uploads\/2024\/03\/Nowenna-2024.jpg 471w, https:\/\/parafiaswjozefawmuszynie.pl\/wp-content\/uploads\/2024\/03\/Nowenna-2024-222x300.jpg 222w\" sizes=\"(max-width: 471px) 100vw, 471px\" \/><\/a><\/p>\n<p>W \u0142\u0105czno\u015bci z Sanktuarium Matki Bo\u017cej na Jasnej G\u00f3rze wzno\u015bmy nasze modlitwy do Boga, odmawiaj\u0105c Apel Jasnog\u00f3rski, a po nim, o godz. 21:20 modlitwy nowennowe, tak\u017ce po ka\u017cdej Mszy \u015bw. Je\u015bli nie b\u0119dzie to mo\u017cliwe, nowenn\u0119 mo\u017cna odm\u00f3wi\u0107 indywidualnie w dowolnym momencie dnia.<\/p>\n<p>Do ka\u017cdego dnia modlitwy nowennowej przypisana jest konkretna intencja, kt\u00f3r\u0105 nale\u017cy wzbudzi\u0107 i odm\u00f3wi\u0107 \u201eOjcze nasz\u201d, \u201eZdrowa\u015b Maryjo\u201d oraz modlitw\u0119 w intencji Ojczyzny, np. autorstwa ks. Piotra Skargi. Przewodnicz\u0105cy Konferencji Episkopatu polski zach\u0119ca, aby modlitw\u0119 nowennow\u0105 odmawia\u0107 w ko\u015bcio\u0142ach, kaplicach, parafiach i wsp\u00f3lnotach duszpasterskich.<\/p>\n<p><strong>Intencje szczeg\u00f3\u0142owe:<\/strong><\/p>\n<p>\u00b7 Dzie\u0144 pierwszy (16 marca) \u2013 O odnowienie wiary ka\u017cdego z nas, aby prowadzi\u0142a ona do umocnienia ducha nas i naszych rodak\u00f3w;<\/p>\n<p>\u00b7 Dzie\u0144 drugi (17 marca) \u2013 O pojednanie narodowe, m\u0105dro\u015b\u0107 dla rz\u0105dz\u0105cych i solidarno\u015b\u0107 spo\u0142eczn\u0105;<\/p>\n<p>\u00b7 Dzie\u0144 trzeci (18 marca) \u2013 O zachowanie pokoju i bezpieczn\u0105 przysz\u0142o\u015b\u0107 dla Polski;<\/p>\n<p>\u00b7 Dzie\u0144 czwarty (19 marca) \u2013 O odczytanie prawdziwej roli m\u0119\u017cczyzny i kobiety w ma\u0142\u017ce\u0144stwie oraz o trwa\u0142o\u015b\u0107 rodzin;<\/p>\n<p>\u00b7 Dzie\u0144 pi\u0105ty (20 marca) \u2013 O si\u0142\u0119 i odwag\u0119 dla m\u0142odych w odkrywaniu wiary i \u017cyciowego powo\u0142ania;<\/p>\n<p>\u00b7 Dzie\u0144 sz\u00f3sty (21 marca) \u2013 O \u015bwiat\u0142o Ducha \u015awi\u0119tego dla Polak\u00f3w, by\u015bmy kierowali si\u0119 zawsze dobrem Ojczyzny;<\/p>\n<p>\u00b7 Dzie\u0144 si\u00f3dmy (22 marca) \u2013 O prawd\u0119 i odpowiedzialno\u015b\u0107 za s\u0142owo w przestrzeni medialnej, tak\u017ce w mediach spo\u0142eczno\u015bciowych;<\/p>\n<p>\u00b7 Dzie\u0144 \u00f3smy (23 marca) \u2013 O szacunek i j\u0119zyk dialogu w przestrzeni publicznej;<\/p>\n<p>\u00b7 Dzie\u0144 dziewi\u0105ty (24 marca) \u2013 O pe\u0142n\u0105 ochron\u0119 prawn\u0105 \u017cycia dzieci nienarodzonych.<\/p>\n<p>W tych wszystkich intencjach modlimy si\u0119 za wstawiennictwem \u015bw. Andrzeja Boboli i b\u0142. ks. Jerzego Popie\u0142uszki \u2013 wielkich or\u0119downik\u00f3w Polski odmawiaj\u0105c: Ojcze nasz\u2026, Zdrowa\u015b Maryjo\u2026, Dowolna modlitwa za Ojczyzn\u0119 \u2013 sugerowana modlitwa za Ojczyzn\u0119 ks. Piotra Skargi SJ:<\/p>\n<p><em>Bo\u017ce, Rz\u0105dco i Panie narod\u00f3w, z r\u0119ki i karno\u015bci Twojej racz nas nie wypuszcza\u0107, a za przyczyn\u0105 Naj\u015bwi\u0119tszej Panny, Kr\u00f3lowej naszej, b\u0142ogos\u0142aw Ojczy\u017anie naszej, by Tobie zawsze wierna,<br \/>\nchwa\u0142\u0119 przynosi\u0142a Imieniu Twemu a syny swe wiod\u0142a ku szcz\u0119\u015bliwo\u015bci. Wszechmog\u0105cy wieczny Bo\u017ce, spu\u015b\u0107 nam szerok\u0105 i g\u0142\u0119bok\u0105 mi\u0142o\u015b\u0107 ku braciom i najmilszej Matce, Ojczy\u017anie naszej,<br \/>\nby\u015bmy jej i ludowi Twemu, swoich po\u017cytk\u00f3w zapomniawszy, mogli s\u0142u\u017cy\u0107 uczciwie.<br \/>\nZe\u015blij Ducha \u015awi\u0119tego na s\u0142ugi Twoje, rz\u0105dy kraju naszego sprawuj\u0105ce, by wedle woli Twojej ludem sobie powierzonym m\u0105drze i sprawiedliwie zdo\u0142ali kierowa\u0107. Przez Chrystusa, Pana naszego. Amen<\/em><\/p>\n<p>Wi\u0119cej informacji na: nowenna2120.pl<\/p>\n","protected":false},"excerpt":{"rendered":"<p>W \u0142\u0105czno\u015bci z Sanktuarium Matki Bo\u017cej na Jasnej G\u00f3rze wzno\u015bmy nasze modlitwy do Boga, odmawiaj\u0105c Apel Jasnog\u00f3rski, a po nim, o godz. 21:20 modlitwy nowennowe, tak\u017ce po ka\u017cdej Mszy \u015bw. Je\u015bli nie b\u0119dzie to mo\u017cliwe, nowenn\u0119 mo\u017cna odm\u00f3wi\u0107 indywidualnie w dowolnym momencie dnia. Do ka\u017cdego dnia modlitwy nowennowej przypisana jest konkretna intencja, kt\u00f3r\u0105 nale\u017cy wzbudzi\u0107 [&hellip;]<\/p>\n","protected":false},"author":2,"featured_media":0,"parent":0,"menu_order":0,"comment_status":"closed","ping_status":"closed","template":"","meta":{"ngg_post_thumbnail":0,"footnotes":""},"_links":{"self":[{"href":"https:\/\/parafiaswjozefawmuszynie.pl\/index.php?rest_route=\/wp\/v2\/pages\/1762"}],"collection":[{"href":"https:\/\/parafiaswjozefawmuszynie.pl\/index.php?rest_route=\/wp\/v2\/pages"}],"about":[{"href":"https:\/\/parafiaswjozefawmuszynie.pl\/index.php?rest_route=\/wp\/v2\/types\/page"}],"author":[{"embeddable":true,"href":"https:\/\/parafiaswjozefawmuszynie.pl\/index.php?rest_route=\/wp\/v2\/users\/2"}],"replies":[{"embeddable":true,"href":"https:\/\/parafiaswjozefawmuszynie.pl\/index.php?rest_route=%2Fwp%2Fv2%2Fcomments&post=1762"}],"version-history":[{"count":4,"href":"https:\/\/parafiaswjozefawmuszynie.pl\/index.php?rest_route=\/wp\/v2\/pages\/1762\/revisions"}],"predecessor-version":[{"id":1768,"href":"https:\/\/parafiaswjozefawmuszynie.pl\/index.php?rest_route=\/wp\/v2\/pages\/1762\/revisions\/1768"}],"wp:attachment":[{"href":"https:\/\/parafiaswjozefawmuszynie.pl\/index.php?rest_route=%2Fwp%2Fv2%2Fmedia&parent=1762"}],"curies":[{"name":"wp","href":"https:\/\/api.w.org\/{rel}","templated":true}]}}