{"id":2419,"date":"2025-02-16T18:21:35","date_gmt":"2025-02-16T17:21:35","guid":{"rendered":"https:\/\/parafiaswjozefawmuszynie.pl\/?page_id=2419"},"modified":"2025-02-16T18:21:35","modified_gmt":"2025-02-16T17:21:35","slug":"czym-sa-perspektywy-wiary","status":"publish","type":"page","link":"https:\/\/parafiaswjozefawmuszynie.pl\/?page_id=2419","title":{"rendered":"CZYM S\u0104 PERSPEKTYWY WIARY?"},"content":{"rendered":"<h1 class=\"title\"><a href=\"https:\/\/jubileusz.diecezjatarnow.pl\/\">CZYM S\u0104 PERSPEKTYWY WIARY?<\/a><\/h1>\n<div class=\"metadata singleline\">&nbsp;<\/div>\n<p>DOWIEDZ SI\u0118<\/p>\n<div>\n<p>Czy w rozmowach o wierze i Ko\u015bciele zauwa\u017casz ograniczenia w swojej znajomo\u015bci danego tematu?<br \/>\nSzukasz miejsca, w kt\u00f3rym b\u0119dziesz m\u00f3g\u0142 poszerza\u0107 swoj\u0105 wiedz\u0119 o Bogu i S\u0142owie Bo\u017cym?<br \/>\nSzukasz miejsca do rozmowy na tematy zwi\u0105zane z duchowo\u015bci\u0105?<\/p>\n<p><strong>PERSPEKTYWY WIARY to propozycja katechez online dla doros\u0142ych (na kanale YouTube), w 3-4 cz\u0119\u015bciowych seriach,&nbsp;podczas kt\u00f3rych staramy si\u0119 lepiej pozna\u0107 nasz\u0105 wiar\u0119, aby jeszcze mocniej uwierzy\u0107. Chcemy kszta\u0142towa\u0107 wiar\u0119 poszukuj\u0105c\u0105 zrozumienia, aby wierz\u0105c jeszcze wi\u0119cej rozumie\u0107.<\/strong><strong><br \/>\n<\/strong><\/p>\n<\/div>\n","protected":false},"excerpt":{"rendered":"<p>CZYM S\u0104 PERSPEKTYWY WIARY? &nbsp; DOWIEDZ SI\u0118 Czy w rozmowach o wierze i Ko\u015bciele zauwa\u017casz ograniczenia w swojej znajomo\u015bci danego tematu? Szukasz miejsca, w kt\u00f3rym b\u0119dziesz m\u00f3g\u0142 poszerza\u0107 swoj\u0105 wiedz\u0119 o Bogu i S\u0142owie Bo\u017cym? Szukasz miejsca do rozmowy na tematy zwi\u0105zane z duchowo\u015bci\u0105? PERSPEKTYWY WIARY to propozycja katechez online dla doros\u0142ych (na kanale YouTube), [&hellip;]<\/p>\n","protected":false},"author":2,"featured_media":0,"parent":0,"menu_order":0,"comment_status":"closed","ping_status":"closed","template":"","meta":{"ngg_post_thumbnail":0,"footnotes":""},"_links":{"self":[{"href":"https:\/\/parafiaswjozefawmuszynie.pl\/index.php?rest_route=\/wp\/v2\/pages\/2419"}],"collection":[{"href":"https:\/\/parafiaswjozefawmuszynie.pl\/index.php?rest_route=\/wp\/v2\/pages"}],"about":[{"href":"https:\/\/parafiaswjozefawmuszynie.pl\/index.php?rest_route=\/wp\/v2\/types\/page"}],"author":[{"embeddable":true,"href":"https:\/\/parafiaswjozefawmuszynie.pl\/index.php?rest_route=\/wp\/v2\/users\/2"}],"replies":[{"embeddable":true,"href":"https:\/\/parafiaswjozefawmuszynie.pl\/index.php?rest_route=%2Fwp%2Fv2%2Fcomments&post=2419"}],"version-history":[{"count":1,"href":"https:\/\/parafiaswjozefawmuszynie.pl\/index.php?rest_route=\/wp\/v2\/pages\/2419\/revisions"}],"predecessor-version":[{"id":2420,"href":"https:\/\/parafiaswjozefawmuszynie.pl\/index.php?rest_route=\/wp\/v2\/pages\/2419\/revisions\/2420"}],"wp:attachment":[{"href":"https:\/\/parafiaswjozefawmuszynie.pl\/index.php?rest_route=%2Fwp%2Fv2%2Fmedia&parent=2419"}],"curies":[{"name":"wp","href":"https:\/\/api.w.org\/{rel}","templated":true}]}}