{"id":3049,"date":"2026-03-09T14:19:02","date_gmt":"2026-03-09T13:19:02","guid":{"rendered":"https:\/\/parafiaswjozefawmuszynie.pl\/?page_id=3049"},"modified":"2026-03-09T14:21:56","modified_gmt":"2026-03-09T13:21:56","slug":"nowenna-do-sw-jozefa","status":"publish","type":"page","link":"https:\/\/parafiaswjozefawmuszynie.pl\/?page_id=3049","title":{"rendered":"Nowenna do \u015bw. J\u00f3zefa"},"content":{"rendered":"<p>&nbsp;<\/p>\n<p>O chwalebny \u015bwi\u0119ty J\u00f3zefie, przybrany ojcze Pana naszego Jezusa Chrystusa i&nbsp;przeczysty Oblubie\u0144cze Niepokalanej Dziewicy Maryi, oto ja, niegodny Tw\u00f3j czciciel, oddaj\u0119 si\u0119 Tobie w opiek\u0119 i obieram sobie Ciebie za mego szczeg\u00f3lnego patrona, opiekuna, wspomo\u017cyciela i or\u0119downika u&nbsp;Boga. Wyjednaj mi \u0142ask\u0119 dobrego \u017cycia i szcz\u0119\u015bliwej \u015bmierci wraz z&nbsp;dobrodziejstwem, o kt\u00f3re dzisiaj prosz\u0119 Ci\u0119 w tej nowennie w spos\u00f3b szczeg\u00f3lny&#8230;<\/p>\n<p><strong>&nbsp;<\/strong><\/p>\n<p><strong>Modlitwa na poszczeg\u00f3lne dni nowenny <\/strong><\/p>\n<p><strong>Na pierwszy dzie\u0144 (10 marca) <\/strong><\/p>\n<p>Pot\u0119\u017cny Patriarcha, jak w Starym Testamencie J\u00f3zef, syn Jakuba, z woli Bo\u017cej zosta\u0142 rz\u0105dc\u0105 w Egipcie dla ratowania ludzi od \u015bmierci, tak w Nowym Testamencie Ty zosta\u0142e\u015b panem i zarz\u0105dc\u0105 tych skarb\u00f3w, kt\u00f3re s\u0105 nam potrzebne do \u017cycia nadprzyrodzonego. Z wielk\u0105 przeto czci\u0105 i ufno\u015bci\u0105 pragniemy zwraca\u0107 si\u0119 do Ciebie we wszystkich naszych potrzebach, zar\u00f3wno doczesnych, jak i duchowych, pewni, \u017ce Tw\u00f3j Syn, kt\u00f3ry zawsze by\u0142 Ci pos\u0142uszny na ziemi, wys\u0142ucha Ci\u0119 tak\u017ce w&nbsp;niebie.<\/p>\n<p><strong>Na drugi dzie\u0144 (11 marca<\/strong>)<\/p>\n<p>Chwalebny \u015bwi\u0119ty J\u00f3zefie, Ojciec niebieski nie waha\u0142 si\u0119 odda\u0107 Tobie w opiek\u0119 Jednorodzonego Syna swojego. Przyj\u0105\u0142e\u015b Go z mi\u0142o\u015bci\u0105, \u017cywi\u0142e\u015b, piastowa\u0142e\u015b i&nbsp;strzeg\u0142e\u015b z ojcowsk\u0105 pieczo\u0142owito\u015bci\u0105. Garniemy si\u0119 do Ciebie z dzieci\u0119c\u0105 ufno\u015bci\u0105 i prosimy, aby\u015b po ojcowsku wys\u0142ucha\u0142 naszych pr\u00f3\u015bb, kt\u00f3re do Ciebie zanosimy, i chroni\u0142 nas od wszelkiego z\u0142a.<\/p>\n<p><strong>&nbsp;<\/strong><strong>Na trzeci dzie\u0144 (12 marca) <\/strong><\/p>\n<p>\u015awi\u0119ty J\u00f3zefie, Twoja wyj\u0105tkowa godno\u015b\u0107, prawo\u015b\u0107 i chwa\u0142a maj\u0105 swoje \u017ar\u00f3d\u0142o w Chrystusie, z kt\u00f3rym na co dzie\u0144 przebywa\u0142e\u015b, z kt\u00f3rym rozmawia\u0142e\u015b i pracowa\u0142e\u015b. Dopom\u00f3\u017c nam, \u015bwi\u0119ty nasz Opiekunie, aby\u015bmy r\u00f3wnie\u017c potrafili na co dzie\u0144 z&nbsp;Chrystusem rozmawia\u0107, pracowa\u0107, przebywa\u0107, a w blaskach Jego obecno\u015bci u\u015bwi\u0119ca\u0107 siebie i wszystkie nasze zaj\u0119cia.<\/p>\n<p><strong>Na czwarty dzie\u0144 (13 marca) <\/strong><\/p>\n<p>J\u00f3zefie \u015bwi\u0119ty, pod opiek\u0105 Twoj\u0105 r\u00f3s\u0142 chleb \u017cywota z nieba dany. Ty\u015b Go w ziarnie piel\u0119gnowa\u0142, by nakarmi\u0142 ludzki g\u0142\u00f3d. Upro\u015b nam \u0142ask\u0119 odczuwania g\u0142odu eucharystycznego, aby Komunia \u015bwi\u0119ta by\u0142a dla nas \u017ar\u00f3d\u0142em pokoju i zadatkiem chwalebnego zmartwychwstania.<\/p>\n<p><strong>Na pi\u0105ty dzie\u0144 (14 marca) <\/strong><\/p>\n<p>Pot\u0119\u017cny nasz Patronie, z\u0142o z ogromn\u0105 si\u0142\u0105 wciska si\u0119 w nasze \u017cycie, powoduj\u0105c zam\u0119t w sumieniu i ca\u0142ym \u017cyciu chrze\u015bcija\u0144skim. Zar\u00f3wno marno\u015bci \u015bwiatowe\u201d, jak i \u201eszata\u0144skie najazdy&#8221; nie ustaj\u0105 w uwodzeniu do z\u0142a. Wspomagaj nas swoj\u0105 pot\u0119\u017cn\u0105 opiek\u0119, aby\u015bmy pomoc\u0105 Tw\u0105 wsparci mogli \u017cy\u0107 pobo\u017cnie, \u015bwi\u0119cie umiera\u0107 i osi\u0105gn\u0105\u0107 szcz\u0119\u015bcie wieczne.<\/p>\n<p><strong>Na sz\u00f3sty dzie\u0144 (15 marca)<\/strong><\/p>\n<p>G\u0142owo Naj\u015bwi\u0119tszej Rodziny, razem z Naj\u015bwi\u0119tsz\u0105 Maryj\u0105 Pann\u0105 i Zbawicielem jeste\u015bcie niedo\u015bcig\u0142ym wzorem \u017cycia rodzinnego i wszelkich cn\u00f3t domowych. Upro\u015b naszym rodzinom \u0142ask\u0119 wpatrywania si\u0119 w Twoj\u0105 Rodzin\u0119 Nazareta\u0144sk\u0105 dla uczenia si\u0119 \u017cycia rodzinnego w pokoju i szcz\u0119\u015bciu.<\/p>\n<p><strong>Na si\u00f3dmy dzie\u0144 (16 marca) <\/strong><\/p>\n<p>\u015awi\u0119ty J\u00f3zefie, Ko\u015bci\u00f3\u0142 czci Ciebie jako swojego Patrona, Opiekuna i Obro\u0144c\u0119, licz\u0105c s\u0142usznie na pot\u0119\u017cn\u0105 Twoj\u0105 pomoc, poniewa\u017c jako opiekun, ojciec i \u017cywiciel Chrystusa na ziemi, nadal pozosta\u0142e\u015b opiekunem Jego Mistycznego Cia\u0142a, czyli Ko\u015bcio\u0142a. Wypraszaj przeto wszystkim cz\u0142onkom Ko\u015bcio\u0142a \u0142ask\u0119 wierno\u015bci Chrystusowi, Jego Krzy\u017cowi i Ewangelii.<\/p>\n<p><strong>Na \u00f3smy dzie\u0144 (17 marca)<\/strong><\/p>\n<p>\u015awi\u0119ty J\u00f3zefie, pot\u0119\u017cny nasz patronie! Kiedy\u015b J\u00f3zef, syn Jakuba, z woli Bo\u017cej sta\u0142 si\u0119 przyczyn\u0105 b\u0142ogos\u0142awie\u0144stwa dla um\u0119czonego Egiptu i kraj\u00f3w pogranicznych. Prosimy Ci\u0119 usilnie, aby Twoja obecno\u015b\u0107, czczona w Polsce od stuleci, zaowocowa\u0142a w tych trudnych dniach b\u0142ogos\u0142awie\u0144stwem Bo\u017cym dla nas i naszych s\u0105siad\u00f3w.<\/p>\n<p><strong>Na dziewi\u0105ty dzie\u0144 (18 marca)<\/strong><\/p>\n<p>\u015awi\u0119ty J\u00f3zefie, patronie dobrej \u015bmierci, przy Twoim zgonie obecny by\u0142 Zbawiciel i&nbsp;Twoja Przeczysta Oblubienica. Upro\u015b nam t\u0119 \u0142ask\u0119, aby\u015bmy mogli odej\u015b\u0107 z tego \u015bwiata w obecno\u015bci Jezusa i Jego Niepokalanej Matki.<\/p>\n<p>LITANIA DO \u015aW. J\u00d3ZEFA<\/p>\n<p><strong>Kyrie, elejson. Chryste, elejson. Kyrie, elejson.<\/strong><br \/>\n<strong>Chryste, us\u0142ysz nas. Chryste, wys\u0142uchaj nas.<\/strong><\/p>\n<p>Ojcze z nieba, Bo\u017ce, <strong>zmi\u0142uj si\u0119 nad nami,<\/strong><strong><br \/>\n<\/strong>Synu, Odkupicielu \u015bwiata, Bo\u017ce, <strong>zmi\u0142uj si\u0119 nad nami,<\/strong><br \/>\nDuchu \u015awi\u0119ty, Bo\u017ce, <strong>zmi\u0142uj si\u0119 nad nami,<\/strong><br \/>\n\u015awi\u0119ta Tr\u00f3jco, jedyny Bo\u017ce, <strong>zmi\u0142uj si\u0119 nad nami,<\/strong><\/p>\n<p>\u015awi\u0119ta Maryjo, <strong>m\u00f3dl si\u0119 za nami,<\/strong><br \/>\n\u015awi\u0119ty J\u00f3zefie, <strong>m\u00f3dl si\u0119 za nami,<\/strong><br \/>\nPrzes\u0142awny Potomku Dawida, <strong>m\u00f3dl si\u0119 za nami,<\/strong><br \/>\n\u015awiat\u0142o Patriarch\u00f3w, <strong>m\u00f3dl si\u0119 za nami,<\/strong><br \/>\nOblubie\u0144cze Bogarodzicy, <strong>m\u00f3dl si\u0119 za nami,<br \/>\n<\/strong>Opiekunie Odkupiciela, <strong>m\u00f3dl si\u0119 za nami,<\/strong><br \/>\nPrzeczysty Str\u00f3\u017cu Dziewicy, <strong>m\u00f3dl si\u0119 za nami,<\/strong><br \/>\n\u017bywicielu Syna Bo\u017cego, <strong>m\u00f3dl si\u0119 za nami,<\/strong><br \/>\nTroskliwy Obro\u0144co Chrystusa, <strong>m\u00f3dl si\u0119 za nami,<br \/>\n<\/strong>S\u0142ugo Chrystusa, <strong>m\u00f3dl si\u0119 za nami,<\/strong><br \/>\nS\u0142ugo zbawienia, <strong>m\u00f3dl si\u0119 za nami,<\/strong><br \/>\nG\u0142owo Naj\u015bwi\u0119tszej Rodziny, <strong>m\u00f3dl si\u0119 za nami,<\/strong><strong><br \/>\n<\/strong>J\u00f3zefie najsprawiedliwszy, <strong>m\u00f3dl si\u0119 za nami,<\/strong><br \/>\nJ\u00f3zefie najczystszy, <strong>m\u00f3dl si\u0119 za nami,<\/strong><br \/>\nJ\u00f3zefie najroztropniejszy, <strong>m\u00f3dl si\u0119 za nami,<\/strong><br \/>\nJ\u00f3zefie najm\u0119\u017cniejszy, <strong>m\u00f3dl si\u0119 za nami,<\/strong><br \/>\nJ\u00f3zefie najpos\u0142uszniejszy, <strong>m\u00f3dl si\u0119 za nami,<\/strong><br \/>\nJ\u00f3zefie najwierniejszy, <strong>m\u00f3dl si\u0119 za nami,<\/strong><br \/>\nZwierciad\u0142o cierpliwo\u015bci, <strong>m\u00f3dl si\u0119 za nami,<\/strong><br \/>\nMi\u0142o\u015bniku ub\u00f3stwa, <strong>m\u00f3dl si\u0119 za nami,<\/strong><br \/>\nWzorze pracuj\u0105cych, <strong>m\u00f3dl si\u0119 za nami,<\/strong><br \/>\nOzdobo \u017cycia rodzinnego, <strong>m\u00f3dl si\u0119 za nami,<\/strong><br \/>\nOpiekunie Dziewic, <strong>m\u00f3dl si\u0119 za nami,<\/strong><br \/>\nPodporo rodzin, <strong>m\u00f3dl si\u0119 za nami,<\/strong><br \/>\nPodporo w trudno\u015bciach, <strong>m\u00f3dl si\u0119 za nami,<\/strong><br \/>\nPociecho nieszcz\u0119\u015bliwych, <strong>m\u00f3dl si\u0119 za nami,<\/strong><br \/>\nNadziejo chorych, <strong>m\u00f3dl si\u0119 za nami,<br \/>\n<\/strong>Patronie wygna\u0144c\u00f3w, <strong>m\u00f3dl si\u0119 za nami,<\/strong><br \/>\nPatronie cierpi\u0105cych, <strong>m\u00f3dl si\u0119 za nami,<br \/>\n<\/strong>Patronie ubogich, <strong>m\u00f3dl si\u0119 za nami,<\/strong><br \/>\nPatronie umieraj\u0105cych, <strong>m\u00f3dl si\u0119 za nami,<\/strong><br \/>\nPostrachu duch\u00f3w piekielnych, <strong>m\u00f3dl si\u0119 za nami,<\/strong><br \/>\nOpiekunie Ko\u015bcio\u0142a \u015bwi\u0119tego, <strong>m\u00f3dl si\u0119 za nami,<\/strong><\/p>\n<p>Baranku Bo\u017cy, kt\u00f3ry g\u0142adzisz grzechy \u015bwiata, <strong>przepu\u015b\u0107 nam, Panie.<\/strong><br \/>\nBaranku Bo\u017cy, kt\u00f3ry g\u0142adzisz grzechy \u015bwiata, <strong>wys\u0142uchaj nas, Panie.<\/strong><br \/>\nBaranku Bo\u017cy, kt\u00f3ry g\u0142adzisz grzechy \u015bwiata, <strong>zmi\u0142uj si\u0119 nad nami.<\/strong><\/p>\n<p><strong>K:<\/strong> Ustanowi\u0142 go panem domu swego.<br \/>\n<strong>W:<\/strong> I zarz\u0105dc\u0105 wszystkich posiad\u0142o\u015bci swoich.<\/p>\n<p><strong>M\u00f3dlmy si\u0119<br \/>\n<\/strong>Bo\u017ce, Ty w niewys\u0142owionej Opatrzno\u015bci wybra\u0142e\u015b \u015bwi\u0119tego J\u00f3zefa na Oblubie\u0144ca Naj\u015bwi\u0119tszej Rodzicielki Twojego Syna, * spraw, aby\u015bmy oddaj\u0105c mu na ziemi cze\u015b\u0107 jako opiekunowi, * zas\u0142u\u017cyli na Jego or\u0119downictwo w niebie. Przez Chrystusa, Pana naszego.<\/p>\n<p><strong>W:<\/strong> Amen.<\/p>\n<p><strong>MODLITWA DO \u015aWI\u0118TEGO J\u00d3ZEFA<\/strong><\/p>\n<p>Do ciebie, \u015bwi\u0119ty J\u00f3zefie, uciekamy si\u0119 w naszej niedoli. Wezwawszy pomocy Twej Naj- \u015bwi\u0119tszej Oblubienicy, z ufno\u015bci\u0105 r\u00f3wnie\u017c b\u0142aga- my o Twoj\u0105 opiek\u0119. Przez mi\u0142o\u015b\u0107, kt\u00f3ra ci\u0119 \u0142\u0105czy\u0142a z Niepokalan\u0105 Dziewic\u0105, Bogarodzic\u0105 i przez ojcowsk\u0105 Tw\u0105 troskliwo\u015b\u0107, kt\u00f3r\u0105 otacza\u0142e\u015b Dzieci\u0119 Jezus, pokornie b\u0142agamy: wejrzyj \u0142askawie na dziedzictwo, kt\u00f3re Jezus Chrystus naby\u0142 krwi\u0105 swoj\u0105, i swoim pot\u0119\u017cnym wstawiennictwem dopom\u00f3\u017c nam w naszych potrzebach. Opatrzno\u015bciowy str\u00f3\u017cu Bo\u017cej Rodziny, czuwaj nad wybranym potomstwem Jezusa Chrystusa. Oddal od nas, ukochany ojcze, wszelk\u0105 zaraz\u0119 b\u0142\u0119d\u00f3w i zepsucia. Pot\u0119\u017cny nasz wybawco, przyb\u0105d\u017a nam \u0142askawie z niebia\u0144sk\u0105 po- moc\u0105 w tej walce z mocami ciemno\u015bci, a jak niegdy\u015b uratowa\u0142e\u015b Dzieci\u0119 Jezus z niebezpiecze\u0144stwa, kt\u00f3re zagra\u017ca\u0142o Jego \u017cyciu, tak teraz bro\u0144 \u015bwi\u0119tego Ko\u015bcio\u0142a Bo\u017cego od wrogich zasadzek i od wszelkiej przeciwno\u015bci. Otaczaj ka\u017cdego z nas nieustann\u0105 opiek\u0105, aby\u015bmy za Twoim przyk\u0142adem i Twoj\u0105 pomoc\u0105 wsparci mogli \u017cy\u0107 \u015bwi\u0105tobliwie, umrze\u0107 pobo\u017cnie i osi\u0105gn\u0105\u0107 wieczn\u0105 szcz\u0119\u015bliwo\u015b\u0107 w niebie. Amen.<\/p>\n","protected":false},"excerpt":{"rendered":"<p>&nbsp; O chwalebny \u015bwi\u0119ty J\u00f3zefie, przybrany ojcze Pana naszego Jezusa Chrystusa i&nbsp;przeczysty Oblubie\u0144cze Niepokalanej Dziewicy Maryi, oto ja, niegodny Tw\u00f3j czciciel, oddaj\u0119 si\u0119 Tobie w opiek\u0119 i obieram sobie Ciebie za mego szczeg\u00f3lnego patrona, opiekuna, wspomo\u017cyciela i or\u0119downika u&nbsp;Boga. Wyjednaj mi \u0142ask\u0119 dobrego \u017cycia i szcz\u0119\u015bliwej \u015bmierci wraz z&nbsp;dobrodziejstwem, o kt\u00f3re dzisiaj prosz\u0119 Ci\u0119 w [&hellip;]<\/p>\n","protected":false},"author":2,"featured_media":0,"parent":0,"menu_order":0,"comment_status":"closed","ping_status":"closed","template":"","meta":{"ngg_post_thumbnail":0,"footnotes":""},"_links":{"self":[{"href":"https:\/\/parafiaswjozefawmuszynie.pl\/index.php?rest_route=\/wp\/v2\/pages\/3049"}],"collection":[{"href":"https:\/\/parafiaswjozefawmuszynie.pl\/index.php?rest_route=\/wp\/v2\/pages"}],"about":[{"href":"https:\/\/parafiaswjozefawmuszynie.pl\/index.php?rest_route=\/wp\/v2\/types\/page"}],"author":[{"embeddable":true,"href":"https:\/\/parafiaswjozefawmuszynie.pl\/index.php?rest_route=\/wp\/v2\/users\/2"}],"replies":[{"embeddable":true,"href":"https:\/\/parafiaswjozefawmuszynie.pl\/index.php?rest_route=%2Fwp%2Fv2%2Fcomments&post=3049"}],"version-history":[{"count":3,"href":"https:\/\/parafiaswjozefawmuszynie.pl\/index.php?rest_route=\/wp\/v2\/pages\/3049\/revisions"}],"predecessor-version":[{"id":3053,"href":"https:\/\/parafiaswjozefawmuszynie.pl\/index.php?rest_route=\/wp\/v2\/pages\/3049\/revisions\/3053"}],"wp:attachment":[{"href":"https:\/\/parafiaswjozefawmuszynie.pl\/index.php?rest_route=%2Fwp%2Fv2%2Fmedia&parent=3049"}],"curies":[{"name":"wp","href":"https:\/\/api.w.org\/{rel}","templated":true}]}}