{"id":406,"date":"2022-02-06T11:24:02","date_gmt":"2022-02-06T10:24:02","guid":{"rendered":"https:\/\/parafiaswjozefawmuszynie.pl\/?page_id=406"},"modified":"2022-06-05T13:23:44","modified_gmt":"2022-06-05T11:23:44","slug":"roze-rozancowe","status":"publish","type":"page","link":"https:\/\/parafiaswjozefawmuszynie.pl\/?page_id=406","title":{"rendered":"R\u00f3\u017ce R\u00f3\u017ca\u0144cowe"},"content":{"rendered":"<p><strong><img loading=\"lazy\" decoding=\"async\" class=\" wp-image-410 alignleft\" src=\"https:\/\/parafiaswjozefawmuszynie.pl\/wp-content\/uploads\/2022\/02\/MB-Rozancowa-189x300.jpg\" alt=\"\" width=\"242\" height=\"384\" srcset=\"https:\/\/parafiaswjozefawmuszynie.pl\/wp-content\/uploads\/2022\/02\/MB-Rozancowa-189x300.jpg 189w, https:\/\/parafiaswjozefawmuszynie.pl\/wp-content\/uploads\/2022\/02\/MB-Rozancowa-645x1024.jpg 645w, https:\/\/parafiaswjozefawmuszynie.pl\/wp-content\/uploads\/2022\/02\/MB-Rozancowa-768x1220.jpg 768w, https:\/\/parafiaswjozefawmuszynie.pl\/wp-content\/uploads\/2022\/02\/MB-Rozancowa-967x1536.jpg 967w, https:\/\/parafiaswjozefawmuszynie.pl\/wp-content\/uploads\/2022\/02\/MB-Rozancowa-1289x2048.jpg 1289w, https:\/\/parafiaswjozefawmuszynie.pl\/wp-content\/uploads\/2022\/02\/MB-Rozancowa-676x1074.jpg 676w, https:\/\/parafiaswjozefawmuszynie.pl\/wp-content\/uploads\/2022\/02\/MB-Rozancowa-scaled.jpg 1612w\" sizes=\"(max-width: 242px) 100vw, 242px\" \/><a href=\"https:\/\/parafiaswjozefawmuszynie.pl\/?page_id=721\">NAZWY R\u00d3\u017b<\/a><\/strong><\/p>\n<p><a href=\"https:\/\/parafiaswjozefawmuszynie.pl\/?page_id=730\"><strong>INTENCJE MODLITEWNE<\/strong><\/a><\/p>\n<p><strong>R\u00f3\u017ca r\u00f3\u017ca\u0144cowa \u2014 co to jest<\/strong>?<\/p>\n<p>Mianem tym okre\u015bla si\u0119 wsp\u00f3lnot\u0119 20 os\u00f3b, na czele kt\u00f3rej stoi Zelator. Rol\u0119 opiekuna nad wszystkimi grupami pe\u0142ni ks. Proboszcz.<br \/>\nKa\u017cda osoba odmawia codziennie jedn\u0105 przydzielon\u0105 sobie dziesi\u0105tk\u0119 R\u00f3\u017ca\u0144ca \u015awi\u0119tego w 3 wyznaczonych intencjach:<\/p>\n<ul>\n<li style=\"list-style-type: none;\">\n<ul>\n<li style=\"list-style-type: none;\">\n<ul>\n<li style=\"list-style-type: none;\">\n<ul>\n<li style=\"list-style-type: none;\">\n<ol>\n<li>intencja papieska<\/li>\n<li>intencja diecezjalna<\/li>\n<li>intencja parafialna<\/li>\n<\/ol>\n<\/li>\n<\/ul>\n<\/li>\n<\/ul>\n<\/li>\n<\/ul>\n<\/li>\n<\/ul>\n<p>Najcz\u0119\u015bciej po\u0142\u0105czona jest ona z rozwa\u017caniem. W ten spos\u00f3b ka\u017cdego dnia odmawiany jest ca\u0142y R\u00f3\u017caniec.<\/p>\n<p><strong>Zasady r\u00f3\u017cy r\u00f3\u017ca\u0144cowej? &#8211; j<\/strong>akie s\u0105&nbsp;<\/p>\n<p>W naszej parafii w pierwsz\u0105 niedziel\u0119&nbsp; miesi\u0105ca po mszy \u015bw.&nbsp; o godz. 9.00 zmianie ulegaj\u0105 tajemnice we wszystkich grupach r\u00f3\u017ca\u0144cowych. Przydzia\u0142 tajemnicy i rozwa\u017cania z ni\u0105 zwi\u0105zanego odbywa si\u0119 na zasadzie losowego wyboru dla ka\u017cdego cz\u0142onka wsp\u00f3lnoty.<\/p>\n<p><strong>Na czym polega r\u00f3\u017ca r\u00f3\u017ca\u0144cowa<\/strong>? Kluczow\u0105 rol\u0119 odgrywa w niej animator, kt\u00f3ry nadaje jej \u015bwi\u0119tego patrona i przypomina o comiesi\u0119cznej zmianie tajemnic. Ka\u017cdy cz\u0142onek r\u00f3\u017cy r\u00f3\u017ca\u0144cowej ma mo\u017cliwo\u015b\u0107 uzyskania odpustu zupe\u0142nego. Aby by\u0142o to mo\u017cliwe, niezb\u0119dne jest odm\u00f3wienie przypisanej dziesi\u0105tki r\u00f3\u017ca\u0144ca ka\u017cdego dnia miesi\u0105ca oraz pozostawanie w stanie \u0142aski u\u015bwi\u0119caj\u0105cej, co zwi\u0105zane jest z regularn\u0105 spowiedzi\u0105 stanowi\u0105c\u0105 gwarancj\u0119 braku przywi\u0105zania do jakiegokolwiek grzechu ci\u0119\u017ckiego. Odpust ten mo\u017cna uzyska\u0107 pod zwyk\u0142ymi warunkami: spowied\u017a, komunia \u015bw., modlitwa w intencjach Ojca \u015awi\u0119tego, wyzbycie si\u0119 wszelkiego z\u0142a i pragnienie wytrwania w \u0142asce u\u015bwi\u0119caj\u0105cej.<\/p>\n<p><strong>INTENCJE MODLITEWNE<\/strong><\/p>\n<p style=\"padding-left: 40px;\">1.Za zakonnice i inne kobiety konsekrowane. M\u00f3dlmy si\u0119 w intencji zakonnic i innych kobiet konsekrowanych \u2010 dzi\u0119kuj\u0105c im za ich misj\u0119 i odwag\u0119 \u2010 aby nadal odkrywa\u0142y nowe odpowiedzi w obliczu wyzwa\u0144 naszych czas\u00f3w.<\/p>\n<p style=\"padding-left: 40px;\">2.&nbsp; M\u00f3dlmy si\u0119 w intencji V synodu o dobre owoce i w\u0142a\u015bciwe decyzje oraz \u015bwiat\u0142o Ducha \u015awi\u0119tego dla obraduj\u0105cych.<\/p>\n<p style=\"padding-left: 40px;\">3. M\u00f3dlmy si\u0119 o pomy\u015blne zako\u0144czenie prac modernizacyjnych i w\u0142a\u015bciwy przebieg rewitalizacji trwaj\u0105cy w naszej \u015bwi\u0105tyni.<\/p>\n<p>&nbsp;<\/p>\n<p>&nbsp;<\/p>\n","protected":false},"excerpt":{"rendered":"<p>NAZWY R\u00d3\u017b INTENCJE MODLITEWNE R\u00f3\u017ca r\u00f3\u017ca\u0144cowa \u2014 co to jest? Mianem tym okre\u015bla si\u0119 wsp\u00f3lnot\u0119 20 os\u00f3b, na czele kt\u00f3rej stoi Zelator. Rol\u0119 opiekuna nad wszystkimi grupami pe\u0142ni ks. Proboszcz. Ka\u017cda osoba odmawia codziennie jedn\u0105 przydzielon\u0105 sobie dziesi\u0105tk\u0119 R\u00f3\u017ca\u0144ca \u015awi\u0119tego w 3 wyznaczonych intencjach: intencja papieska intencja diecezjalna intencja parafialna Najcz\u0119\u015bciej po\u0142\u0105czona jest ona z [&hellip;]<\/p>\n","protected":false},"author":2,"featured_media":0,"parent":0,"menu_order":0,"comment_status":"closed","ping_status":"closed","template":"","meta":{"ngg_post_thumbnail":0,"footnotes":""},"_links":{"self":[{"href":"https:\/\/parafiaswjozefawmuszynie.pl\/index.php?rest_route=\/wp\/v2\/pages\/406"}],"collection":[{"href":"https:\/\/parafiaswjozefawmuszynie.pl\/index.php?rest_route=\/wp\/v2\/pages"}],"about":[{"href":"https:\/\/parafiaswjozefawmuszynie.pl\/index.php?rest_route=\/wp\/v2\/types\/page"}],"author":[{"embeddable":true,"href":"https:\/\/parafiaswjozefawmuszynie.pl\/index.php?rest_route=\/wp\/v2\/users\/2"}],"replies":[{"embeddable":true,"href":"https:\/\/parafiaswjozefawmuszynie.pl\/index.php?rest_route=%2Fwp%2Fv2%2Fcomments&post=406"}],"version-history":[{"count":13,"href":"https:\/\/parafiaswjozefawmuszynie.pl\/index.php?rest_route=\/wp\/v2\/pages\/406\/revisions"}],"predecessor-version":[{"id":738,"href":"https:\/\/parafiaswjozefawmuszynie.pl\/index.php?rest_route=\/wp\/v2\/pages\/406\/revisions\/738"}],"wp:attachment":[{"href":"https:\/\/parafiaswjozefawmuszynie.pl\/index.php?rest_route=%2Fwp%2Fv2%2Fmedia&parent=406"}],"curies":[{"name":"wp","href":"https:\/\/api.w.org\/{rel}","templated":true}]}}