{"id":46,"date":"2021-09-12T20:18:14","date_gmt":"2021-09-12T18:18:14","guid":{"rendered":"https:\/\/parafiaswjozefawmuszynie.pl\/?page_id=46"},"modified":"2026-05-02T13:47:47","modified_gmt":"2026-05-02T11:47:47","slug":"intencje-mszalne","status":"publish","type":"page","link":"https:\/\/parafiaswjozefawmuszynie.pl\/?page_id=46","title":{"rendered":"Intencje mszalne"},"content":{"rendered":"<h1 class=\"mb-4 fs-2 color-light font-serif lh-sm\" style=\"text-align: center;\">&nbsp;<\/h1>\n<h1 style=\"text-align: center;\"><span style=\"color: #ff0000;\">Pi\u0105ty tydzie\u0144 Wielkanocny<\/span><br \/>\n<span style=\"color: #ff0000;\">3 &#8211; 10 maj 2025<\/span><\/h1>\n<p><span style=\"color: #ff0000;\"><strong>Niedziela \u2013 3.05 &#8211; <\/strong><\/span><strong><span style=\"color: #ff0000;\">5 Niedziela Wielkanocna<\/span> <\/strong><\/p>\n<table width=\"718\">\n<tbody>\n<tr>\n<td width=\"85\"><strong>7.00<\/strong><\/td>\n<td width=\"633\"><strong>\u2020 Stanis\u0142aw <\/strong>Chlipa\u0142a z okazji urodzin<\/td>\n<\/tr>\n<tr>\n<td width=\"85\"><strong>9.00<\/strong><\/td>\n<td width=\"633\"><strong>\u2020 Rozalia <\/strong>Musia\u0142 od wnuczki Marii<\/td>\n<\/tr>\n<tr>\n<td width=\"85\"><strong>10.30<\/strong><\/td>\n<td width=\"633\"><strong>\u2020 Kazimierz <\/strong>Ma\u015blanka od Marii i Jana Golba<\/td>\n<\/tr>\n<tr>\n<td width=\"85\"><strong>12.00<\/strong><\/td>\n<td width=\"633\">Pro <strong>populo <\/strong><\/td>\n<\/tr>\n<tr>\n<td width=\"85\"><strong>18.00<\/strong><\/td>\n<td width=\"633\"><strong>O ochron\u0119 \u017cycia <\/strong>od pocz\u0119cia do naturalnej \u015bmierci<\/td>\n<\/tr>\n<\/tbody>\n<\/table>\n<p><strong>PONIEDZIA\u0141EK \u2013 4.05 &#8211; <\/strong><strong>\u015aw. Floriana, m\u0119czennika, <em>wspomnienie <\/em>&nbsp;<\/strong><\/p>\n<table width=\"718\">\n<tbody>\n<tr>\n<td width=\"85\"><strong>6.30<\/strong><\/td>\n<td width=\"633\"><strong>\u2020 Kazimierz <\/strong>Pola\u0144ski od syna z rodzin\u0105<\/td>\n<\/tr>\n<tr>\n<td width=\"85\"><strong>18.00<\/strong><\/td>\n<td width=\"633\"><strong>\u2020 W\u0142adys\u0142awa <\/strong>(f) Go\u015bci\u0144ska od uczestnik\u00f3w pogrzebu<\/td>\n<\/tr>\n<\/tbody>\n<\/table>\n<p><strong>&nbsp;<\/strong><\/p>\n<p><strong>WTOREK \u2013 5.05<\/strong><\/p>\n<table width=\"718\">\n<tbody>\n<tr>\n<td width=\"85\"><strong>6.30<\/strong><\/td>\n<td width=\"633\"><strong>\u2020 W\u0142adys\u0142aw<\/strong> Buliszak w 17 rocz. \u015bm. od syna Tomasza z rodzin\u0105<\/td>\n<\/tr>\n<tr>\n<td width=\"85\"><strong>18.00<\/strong><\/td>\n<td width=\"633\">Dz. z pro\u015bb\u0105 o b\u0142. Bo\u017ce, opiek\u0119 Matki Bo\u017cej i \u015bw. J\u00f3zefa dla<strong> Celiny <\/strong>Lech w 90 rocz. urodzin od siostrzenic<\/td>\n<\/tr>\n<\/tbody>\n<\/table>\n<p><strong>&nbsp;<\/strong><\/p>\n<p><strong>\u015aRODA \u2013 6.05<\/strong> &#8211; <strong>\u015aw. Filipa i Jakuba, Aposto\u0142\u00f3w, <\/strong><em>\u015bwi\u0119to<\/em><\/p>\n<table width=\"718\">\n<tbody>\n<tr>\n<td width=\"85\"><strong>6.30<\/strong><\/td>\n<td width=\"633\"><strong>1. \u2020 Kazimierz <\/strong>Pola\u0144ski od Janiny \u017bywczak<\/p>\n<p><strong>2. \u2020 Kazimierz <\/strong>Grzesiak<\/td>\n<\/tr>\n<tr>\n<td width=\"85\"><strong>18.00<\/strong><\/td>\n<td width=\"633\">Intencje <strong>nowennowe<\/strong><\/td>\n<\/tr>\n<\/tbody>\n<\/table>\n<p><strong>&nbsp;<\/strong><\/p>\n<p><strong>CZWARTEK \u2013 7.05<\/strong> &#8211;<strong> <em>pierwszy czwartek miesi\u0105ca<\/em><\/strong><\/p>\n<table width=\"718\">\n<tbody>\n<tr>\n<td width=\"85\"><strong>6.30<\/strong><\/td>\n<td width=\"633\"><strong>\u2020 Maria <\/strong>Buliszak od rodziny Weberbauer\u00f3w<\/td>\n<\/tr>\n<tr>\n<td width=\"85\"><strong>18.00 <\/strong><\/td>\n<td width=\"633\"><strong>\u2020 Antoni i Franciszka <\/strong>(f) Jurczak &#8211; fundatorzy<\/td>\n<\/tr>\n<\/tbody>\n<\/table>\n<p><strong>&nbsp;<\/strong><\/p>\n<p><strong>PI\u0104TEK \u2013 8.05<\/strong> &#8211; <strong>\u015aw. Stanis\u0142awa, bpa i m\u0119cz., g\u0142. patrona Polski i diecezji, <em>uroczysto\u015b\u0107<\/em><\/strong><\/p>\n<table width=\"718\">\n<tbody>\n<tr>\n<td width=\"85\"><strong>6.30<\/strong><\/td>\n<td width=\"633\">O potrzebne \u0142aski do \u017cyj\u0105cych i rado\u015b\u0107 nieba dla zmar\u0142ych <strong>solenizantek i solenizant\u00f3w<\/strong><\/td>\n<\/tr>\n<tr>\n<td width=\"85\"><strong>18.00<\/strong><\/td>\n<td width=\"633\"><strong>\u2020 Stanis\u0142awa i J\u00f3zef <\/strong>\u015aliwa<\/td>\n<\/tr>\n<\/tbody>\n<\/table>\n<p><strong>&nbsp;<\/strong><\/p>\n<p><strong>SOBOTA \u2013 9.05<\/strong><\/p>\n<table width=\"718\">\n<tbody>\n<tr>\n<td width=\"85\"><strong>6.30<\/strong><\/td>\n<td width=\"633\"><strong>\u2020 Stanis\u0142aw <\/strong>Sajdak od \u017cony i c\u00f3rek z rodzinami<\/td>\n<\/tr>\n<tr>\n<td width=\"85\"><strong>18.00<\/strong><\/td>\n<td width=\"633\"><strong>\u2020 Maria i Micha\u0142 <\/strong>\u015aliwi\u0144scy w rocz. \u015bm. Micha\u0142a<\/td>\n<\/tr>\n<\/tbody>\n<\/table>\n<p><strong>&nbsp;<\/strong><\/p>\n<p><span style=\"color: #ff0000;\"><strong>Niedziela \u2013 10.05 &#8211; <\/strong><strong>6 Niedziela Wielkanocna &#8211; Uroczysto\u015b\u0107 Pierwszej Komunii \u015awi\u0119tej<\/strong><\/span><\/p>\n<table width=\"718\">\n<tbody>\n<tr>\n<td width=\"85\"><strong>7.00<\/strong><\/td>\n<td width=\"633\"><strong>\u2020 Stanis\u0142aw <\/strong>Sajdak z okazji imienin<\/td>\n<\/tr>\n<tr>\n<td width=\"85\"><strong>9.00<\/strong><\/td>\n<td width=\"633\"><strong>\u2020 Stanis\u0142aw <\/strong>Prokop z okazji imienin<\/td>\n<\/tr>\n<tr>\n<td width=\"85\"><strong>10.30<\/strong><\/td>\n<td width=\"633\">O zdrowie i Bo\u017ce b\u0142ogos\u0142awie\u0144stwo dla pewnej <strong>Rodziny <\/strong><\/td>\n<\/tr>\n<tr>\n<td width=\"85\"><strong>12.00<\/strong><\/td>\n<td width=\"633\">W intencji <strong>dzieci komunijnych, ich rodzic\u00f3w, rodzic\u00f3w chrzestnych i rodze\u0144stwa<\/strong><\/td>\n<\/tr>\n<tr>\n<td width=\"85\"><strong>18.00<\/strong><\/td>\n<td width=\"633\"><strong>\u2020 Stanis\u0142aw <\/strong>Wielowski z okazji imienin od c\u00f3rek z rodzin\u0105<\/td>\n<\/tr>\n<\/tbody>\n<\/table>\n","protected":false},"excerpt":{"rendered":"<p>&nbsp; Pi\u0105ty tydzie\u0144 Wielkanocny 3 &#8211; 10 maj 2025 Niedziela \u2013 3.05 &#8211; 5 Niedziela Wielkanocna 7.00 \u2020 Stanis\u0142aw Chlipa\u0142a z okazji urodzin 9.00 \u2020 Rozalia Musia\u0142 od wnuczki Marii 10.30 \u2020 Kazimierz Ma\u015blanka od Marii i Jana Golba 12.00 Pro populo 18.00 O ochron\u0119 \u017cycia od pocz\u0119cia do naturalnej \u015bmierci PONIEDZIA\u0141EK \u2013 4.05 &#8211; [&hellip;]<\/p>\n","protected":false},"author":2,"featured_media":0,"parent":0,"menu_order":0,"comment_status":"closed","ping_status":"closed","template":"","meta":{"ngg_post_thumbnail":0,"footnotes":""},"_links":{"self":[{"href":"https:\/\/parafiaswjozefawmuszynie.pl\/index.php?rest_route=\/wp\/v2\/pages\/46"}],"collection":[{"href":"https:\/\/parafiaswjozefawmuszynie.pl\/index.php?rest_route=\/wp\/v2\/pages"}],"about":[{"href":"https:\/\/parafiaswjozefawmuszynie.pl\/index.php?rest_route=\/wp\/v2\/types\/page"}],"author":[{"embeddable":true,"href":"https:\/\/parafiaswjozefawmuszynie.pl\/index.php?rest_route=\/wp\/v2\/users\/2"}],"replies":[{"embeddable":true,"href":"https:\/\/parafiaswjozefawmuszynie.pl\/index.php?rest_route=%2Fwp%2Fv2%2Fcomments&post=46"}],"version-history":[{"count":379,"href":"https:\/\/parafiaswjozefawmuszynie.pl\/index.php?rest_route=\/wp\/v2\/pages\/46\/revisions"}],"predecessor-version":[{"id":3114,"href":"https:\/\/parafiaswjozefawmuszynie.pl\/index.php?rest_route=\/wp\/v2\/pages\/46\/revisions\/3114"}],"wp:attachment":[{"href":"https:\/\/parafiaswjozefawmuszynie.pl\/index.php?rest_route=%2Fwp%2Fv2%2Fmedia&parent=46"}],"curies":[{"name":"wp","href":"https:\/\/api.w.org\/{rel}","templated":true}]}}