{"id":721,"date":"2022-06-05T13:00:22","date_gmt":"2022-06-05T11:00:22","guid":{"rendered":"https:\/\/parafiaswjozefawmuszynie.pl\/?page_id=721"},"modified":"2022-06-05T13:25:16","modified_gmt":"2022-06-05T11:25:16","slug":"spis-roz-rozancowych","status":"publish","type":"page","link":"https:\/\/parafiaswjozefawmuszynie.pl\/?page_id=721","title":{"rendered":"spis R\u00f3\u017c R\u00f3\u017ca\u0144cowych"},"content":{"rendered":"<ol>\n<li><strong><em>Matki Bo\u017cej Salety\u0144skiej&nbsp;&nbsp;&nbsp;&nbsp;&nbsp;&nbsp;&nbsp;&nbsp;&nbsp;&nbsp;&nbsp;&nbsp;&nbsp;&nbsp;&nbsp;&nbsp;&nbsp;&nbsp;&nbsp;&nbsp;&nbsp;&nbsp;&nbsp;&nbsp;&nbsp;&nbsp;&nbsp;&nbsp;&nbsp;&nbsp;&nbsp; (m\u0119ska)<\/em><\/strong><\/li>\n<li><em><strong>\u015bw Stanis\u0142awa &nbsp; &nbsp; &nbsp; &nbsp; &nbsp; &nbsp; &nbsp; &nbsp; &nbsp; &nbsp; &nbsp; &nbsp; &nbsp; &nbsp; &nbsp; &nbsp; &nbsp; &nbsp; &nbsp; &nbsp; &nbsp; &nbsp; &nbsp; &nbsp; &nbsp; &nbsp;&nbsp; (m\u0119ska)<\/strong><\/em><\/li>\n<li><em><strong>\u015bw Jana Kantego &nbsp; &nbsp; &nbsp; &nbsp; &nbsp; &nbsp; &nbsp; &nbsp; &nbsp; &nbsp; &nbsp; &nbsp; &nbsp; &nbsp; &nbsp; &nbsp; &nbsp; &nbsp; &nbsp; &nbsp; &nbsp; &nbsp; &nbsp;&nbsp; (m\u0119ska)<\/strong><\/em><\/li>\n<li><em><strong>\u015bw Maksymiliana Marii Kolbe&nbsp;&nbsp;&nbsp;&nbsp;&nbsp;&nbsp;&nbsp;&nbsp;&nbsp;&nbsp;&nbsp;&nbsp;&nbsp;&nbsp;&nbsp;&nbsp;&nbsp;&nbsp;&nbsp;&nbsp; (m\u0119ska)<\/strong><\/em><\/li>\n<li>Matki Bo\u017cej z Lourdes<\/li>\n<li>Matki Bo\u017cej Wniebowzi\u0119tej<\/li>\n<li>Matki Bo\u017cej R\u00f3\u017ca\u0144cowej<\/li>\n<li>Matki Bo\u017cej Niepokalanej<\/li>\n<li>Matki Bo\u017cej Bolesnej<\/li>\n<li>Ducha \u015bw<\/li>\n<li>\u015bw Barbary<\/li>\n<li>\u015bw Teresy od Dzieci\u0105tka Jezus<\/li>\n<li>\u015bw Kingi<\/li>\n<li>Matki Bo\u017cej Fatimskiej<\/li>\n<li>Matki Bo\u017cej Kr\u00f3lowej Polski<\/li>\n<li>&#8212;&#8212;&#8212;<\/li>\n<li>\u015bw Jadwigi Kr\u00f3lowej<\/li>\n<li>\u015bw Micha\u0142a Archanio\u0142a<\/li>\n<li>\u015bw Moniki<\/li>\n<li>\u015bw Faustyny<\/li>\n<li><strong><em>\u015bw Jana Paw\u0142a II &nbsp;&nbsp;&nbsp;&nbsp;&nbsp;&nbsp;&nbsp;&nbsp;&nbsp;&nbsp;&nbsp;&nbsp;&nbsp;&nbsp;&nbsp;&nbsp;&nbsp;&nbsp;&nbsp;&nbsp;&nbsp;&nbsp;&nbsp;&nbsp;&nbsp;&nbsp;&nbsp;&nbsp;&nbsp;&nbsp;&nbsp;&nbsp;&nbsp;&nbsp;&nbsp;&nbsp;&nbsp;&nbsp;&nbsp;&nbsp;&nbsp;&nbsp; (m\u0119ska)<\/em><\/strong><\/li>\n<\/ol>\n","protected":false},"excerpt":{"rendered":"<p>Matki Bo\u017cej Salety\u0144skiej&nbsp;&nbsp;&nbsp;&nbsp;&nbsp;&nbsp;&nbsp;&nbsp;&nbsp;&nbsp;&nbsp;&nbsp;&nbsp;&nbsp;&nbsp;&nbsp;&nbsp;&nbsp;&nbsp;&nbsp;&nbsp;&nbsp;&nbsp;&nbsp;&nbsp;&nbsp;&nbsp;&nbsp;&nbsp;&nbsp;&nbsp; (m\u0119ska) \u015bw Stanis\u0142awa &nbsp; &nbsp; &nbsp; &nbsp; &nbsp; &nbsp; &nbsp; &nbsp; &nbsp; &nbsp; &nbsp; &nbsp; &nbsp; &nbsp; &nbsp; &nbsp; &nbsp; &nbsp; &nbsp; &nbsp; &nbsp; &nbsp; &nbsp; &nbsp; &nbsp; &nbsp;&nbsp; (m\u0119ska) \u015bw Jana Kantego &nbsp; &nbsp; &nbsp; &nbsp; &nbsp; &nbsp; &nbsp; &nbsp; &nbsp; &nbsp; &nbsp; &nbsp; &nbsp; &nbsp; &nbsp; &nbsp; &nbsp; &nbsp; &nbsp; [&hellip;]<\/p>\n","protected":false},"author":2,"featured_media":0,"parent":0,"menu_order":0,"comment_status":"closed","ping_status":"closed","template":"","meta":{"ngg_post_thumbnail":0,"footnotes":""},"_links":{"self":[{"href":"https:\/\/parafiaswjozefawmuszynie.pl\/index.php?rest_route=\/wp\/v2\/pages\/721"}],"collection":[{"href":"https:\/\/parafiaswjozefawmuszynie.pl\/index.php?rest_route=\/wp\/v2\/pages"}],"about":[{"href":"https:\/\/parafiaswjozefawmuszynie.pl\/index.php?rest_route=\/wp\/v2\/types\/page"}],"author":[{"embeddable":true,"href":"https:\/\/parafiaswjozefawmuszynie.pl\/index.php?rest_route=\/wp\/v2\/users\/2"}],"replies":[{"embeddable":true,"href":"https:\/\/parafiaswjozefawmuszynie.pl\/index.php?rest_route=%2Fwp%2Fv2%2Fcomments&post=721"}],"version-history":[{"count":4,"href":"https:\/\/parafiaswjozefawmuszynie.pl\/index.php?rest_route=\/wp\/v2\/pages\/721\/revisions"}],"predecessor-version":[{"id":740,"href":"https:\/\/parafiaswjozefawmuszynie.pl\/index.php?rest_route=\/wp\/v2\/pages\/721\/revisions\/740"}],"wp:attachment":[{"href":"https:\/\/parafiaswjozefawmuszynie.pl\/index.php?rest_route=%2Fwp%2Fv2%2Fmedia&parent=721"}],"curies":[{"name":"wp","href":"https:\/\/api.w.org\/{rel}","templated":true}]}}