{"id":8,"date":"2021-08-08T15:18:46","date_gmt":"2021-08-08T13:18:46","guid":{"rendered":"https:\/\/parafiaswjozefawmuszynie.pl\/?page_id=8"},"modified":"2026-02-11T10:32:07","modified_gmt":"2026-02-11T09:32:07","slug":"kontakt","status":"publish","type":"page","link":"https:\/\/parafiaswjozefawmuszynie.pl\/?page_id=8","title":{"rendered":"Kontakt"},"content":{"rendered":"<p><strong>Parafia pw \u015aw. J\u00f3zefa Oblubie\u0144ca NMP<\/strong><br>ul. Ko\u015bcielna 62<br>33-370 Muszyna<\/p>\r\n<p>Konta do wp\u0142at:<br><strong>76 8809 0005 2001 0003 8827 0004<\/strong><br><strong>33 8809 0005 2001 0003 8827 0002<\/strong><br>z dopiskiem \u201edarowizna na cele kultu religijnego\u201d<\/p>\r\n<p>KANCELARIA PARAFIALNA<br><strong>18 471 40 08<br><\/strong><\/p>\r\n<p>ks. Piotr<br>ks. Robert<\/p>\r\n<p>e-mail:<\/p>\r\n<p><strong>Kancelaria Parafialna czynna:<\/strong><strong><br><\/strong><\/p>\r\n<p>Poniedzia\u0142ek, wtorek, pi\u0105tek &#8211; po mszy wieczornej<br>Sprawy ma\u0142\u017ce\u0144skie&nbsp; &#8211; tel. 18 471 40 08<br>w nag\u0142ej potrzebie o ka\u017cdej porze<\/p>\r\n","protected":false},"excerpt":{"rendered":"<p>Parafia pw \u015aw. J\u00f3zefa Oblubie\u0144ca NMPul. Ko\u015bcielna 6233-370 Muszyna Konta do wp\u0142at:76 8809 0005 2001 0003 8827 000433 8809 0005 2001 0003 8827 0002z dopiskiem \u201edarowizna na cele kultu religijnego\u201d KANCELARIA PARAFIALNA18 471 40 08 ks. Piotrks. Robert e-mail: Kancelaria Parafialna czynna: Poniedzia\u0142ek, wtorek, pi\u0105tek &#8211; po mszy wieczornejSprawy ma\u0142\u017ce\u0144skie&nbsp; &#8211; tel. 18 471 40 [&hellip;]<\/p>\n","protected":false},"author":1,"featured_media":0,"parent":0,"menu_order":0,"comment_status":"closed","ping_status":"closed","template":"","meta":{"ngg_post_thumbnail":0,"footnotes":""},"_links":{"self":[{"href":"https:\/\/parafiaswjozefawmuszynie.pl\/index.php?rest_route=\/wp\/v2\/pages\/8"}],"collection":[{"href":"https:\/\/parafiaswjozefawmuszynie.pl\/index.php?rest_route=\/wp\/v2\/pages"}],"about":[{"href":"https:\/\/parafiaswjozefawmuszynie.pl\/index.php?rest_route=\/wp\/v2\/types\/page"}],"author":[{"embeddable":true,"href":"https:\/\/parafiaswjozefawmuszynie.pl\/index.php?rest_route=\/wp\/v2\/users\/1"}],"replies":[{"embeddable":true,"href":"https:\/\/parafiaswjozefawmuszynie.pl\/index.php?rest_route=%2Fwp%2Fv2%2Fcomments&post=8"}],"version-history":[{"count":4,"href":"https:\/\/parafiaswjozefawmuszynie.pl\/index.php?rest_route=\/wp\/v2\/pages\/8\/revisions"}],"predecessor-version":[{"id":3006,"href":"https:\/\/parafiaswjozefawmuszynie.pl\/index.php?rest_route=\/wp\/v2\/pages\/8\/revisions\/3006"}],"wp:attachment":[{"href":"https:\/\/parafiaswjozefawmuszynie.pl\/index.php?rest_route=%2Fwp%2Fv2%2Fmedia&parent=8"}],"curies":[{"name":"wp","href":"https:\/\/api.w.org\/{rel}","templated":true}]}}